{"id":61,"date":"2022-06-13T08:17:44","date_gmt":"2022-06-13T08:17:44","guid":{"rendered":"https:\/\/koominenooppera.fi.wp1.kotisivut.com\/?page_id=61"},"modified":"2022-08-08T11:57:02","modified_gmt":"2022-08-08T11:57:02","slug":"halka","status":"publish","type":"page","link":"https:\/\/www.koominenooppera.fi\/?page_id=61","title":{"rendered":"Halka"},"content":{"rendered":"\n<figure class=\"wp-block-image size-large\"><img loading=\"lazy\" decoding=\"async\" width=\"1024\" height=\"683\" src=\"https:\/\/www.koominenooppera.fi\/wp-content\/uploads\/2022\/06\/2018-08-22_20180822204907__TFP5384_CC-HALKA-1-1024x683.jpg\" alt=\"\" class=\"wp-image-136\" srcset=\"https:\/\/www.koominenooppera.fi\/wp-content\/uploads\/2022\/06\/2018-08-22_20180822204907__TFP5384_CC-HALKA-1-1024x683.jpg 1024w, https:\/\/www.koominenooppera.fi\/wp-content\/uploads\/2022\/06\/2018-08-22_20180822204907__TFP5384_CC-HALKA-1-300x200.jpg 300w, https:\/\/www.koominenooppera.fi\/wp-content\/uploads\/2022\/06\/2018-08-22_20180822204907__TFP5384_CC-HALKA-1-768x512.jpg 768w, https:\/\/www.koominenooppera.fi\/wp-content\/uploads\/2022\/06\/2018-08-22_20180822204907__TFP5384_CC-HALKA-1-1536x1024.jpg 1536w, https:\/\/www.koominenooppera.fi\/wp-content\/uploads\/2022\/06\/2018-08-22_20180822204907__TFP5384_CC-HALKA-1-2048x1365.jpg 2048w\" sizes=\"auto, (max-width: 1024px) 100vw, 1024px\" \/><\/figure>\n\n\n\n<figure class=\"wp-block-pullquote\"><blockquote><p>\u00c4\u00e4nellisen virtuositeetin lis\u00e4ksi siin\u00e4 tarvitaan emotionaalista herkkyytt\u00e4 ja v\u00e4kev\u00e4\u00e4 el\u00e4ytymiskyky\u00e4. Mezzosopraano\u00a0Natalia Kawa\u0142ekilta\u00a0n\u00e4m\u00e4 ominaisuudet l\u00f6ytyv\u00e4t, ja h\u00e4nen ty\u00f6skentely\u00e4\u00e4n oli ilo seurata.<\/p><cite>liisamaija hautsalo\/Helsingin sanomat <\/cite><\/blockquote><\/figure>\n\n\n\n<p>Helsingin Koominen Ooppera toteutti yhteistuotantona puolalaisen barokkiorkesteri ja -kuoron Capella Cracoviensiksen kanssa Stanislaw Moniuszkon oopperan <em>Halka<\/em> 2018. Esitykset Helsingin Kulttuuritalolla. Solisteina Natalia Kawa\u0142ek, Jakub Pawlik, Ma\u0142gorzata Rodek, Sebastian Szumski, Jerzy Butrun, Marek Opaska. Kapellimestarina Jan Tomasz Adamus, ohjaajana Laura \u00c5kerlund.<\/p>\n\n\n\n<figure class=\"wp-block-gallery has-nested-images columns-default is-cropped wp-block-gallery-1 is-layout-flex wp-block-gallery-is-layout-flex\">\n<figure class=\"wp-block-image size-large\"><img loading=\"lazy\" decoding=\"async\" width=\"1024\" height=\"683\" data-id=\"82\" src=\"https:\/\/www.koominenooppera.fi\/wp-content\/uploads\/2022\/06\/CC-JTA-SAMSON_vol_2.jpg\" alt=\"\" class=\"wp-image-82\" srcset=\"https:\/\/www.koominenooppera.fi\/wp-content\/uploads\/2022\/06\/CC-JTA-SAMSON_vol_2.jpg 1024w, https:\/\/www.koominenooppera.fi\/wp-content\/uploads\/2022\/06\/CC-JTA-SAMSON_vol_2-300x200.jpg 300w, https:\/\/www.koominenooppera.fi\/wp-content\/uploads\/2022\/06\/CC-JTA-SAMSON_vol_2-768x512.jpg 768w\" sizes=\"auto, (max-width: 1024px) 100vw, 1024px\" \/><figcaption>Capella Cracoviensis<\/figcaption><\/figure>\n<\/figure>\n\n\n\n<h2 class=\"wp-block-heading\">Halka oopperan arviot<\/h2>\n\n\n\n<ul class=\"wp-block-list\"><li><a href=\"https:\/\/www.hbl.fi\/artikel\/cdc403da-cee3-459d-b97a-4f70b3a613f4\">Granberg, Jan: <em>S\u00e4llan spelad polsk nationalopera<\/em>.<\/a> HBL. 23.08.2018 16:29<\/li><li><a href=\"https:\/\/www.hs.fi\/kulttuuri\/art-2000005800360.html\">Hautsalo, Liisamaija: <em>Kulttuuritalossa kuultiin kelpo matkalaukkuversio oopperaharvinaisuudesta, joka on my\u00f6s puolalaisten kansallinen symboli.<\/em><\/a> Helsingin Sanomat. 23.8.2018 11:25\u00a0| P\u00e4ivitetty\u00a025.8.2018 14:12<\/li><li><a href=\"http:\/\/oopperadonna.blogspot.com\/2018\/08\/halka-kulttuuritalolla-2582018.html\">Oopperafanin p\u00e4iv\u00e4kirja-blogi: <em>Halka Kulttuuritalolla.<\/em><\/a> 25.8.2018. <\/li><\/ul>\n","protected":false},"excerpt":{"rendered":"<p>\u00c4\u00e4nellisen virtuositeetin lis\u00e4ksi siin\u00e4 tarvitaan emotionaalista herkkyytt\u00e4 ja v\u00e4kev\u00e4\u00e4 el\u00e4ytymiskyky\u00e4. Mezzosopraano\u00a0Natalia Kawa\u0142ekilta\u00a0n\u00e4m\u00e4 ominaisuudet l\u00f6ytyv\u00e4t, ja h\u00e4nen ty\u00f6skentely\u00e4\u00e4n oli ilo seurata. liisamaija hautsalo\/Helsingin sanomat Helsingin Koominen Ooppera toteutti yhteistuotantona puolalaisen barokkiorkesteri ja -kuoron<a class=\"moretag\" href=\"https:\/\/www.koominenooppera.fi\/?page_id=61\">Read More&#8230;<\/a><\/p>\n","protected":false},"author":1,"featured_media":0,"parent":28,"menu_order":1,"comment_status":"closed","ping_status":"closed","template":"","meta":{"footnotes":""},"class_list":["post-61","page","type-page","status-publish","hentry"],"_links":{"self":[{"href":"https:\/\/www.koominenooppera.fi\/index.php?rest_route=\/wp\/v2\/pages\/61","targetHints":{"allow":["GET"]}}],"collection":[{"href":"https:\/\/www.koominenooppera.fi\/index.php?rest_route=\/wp\/v2\/pages"}],"about":[{"href":"https:\/\/www.koominenooppera.fi\/index.php?rest_route=\/wp\/v2\/types\/page"}],"author":[{"embeddable":true,"href":"https:\/\/www.koominenooppera.fi\/index.php?rest_route=\/wp\/v2\/users\/1"}],"replies":[{"embeddable":true,"href":"https:\/\/www.koominenooppera.fi\/index.php?rest_route=%2Fwp%2Fv2%2Fcomments&post=61"}],"version-history":[{"count":6,"href":"https:\/\/www.koominenooppera.fi\/index.php?rest_route=\/wp\/v2\/pages\/61\/revisions"}],"predecessor-version":[{"id":188,"href":"https:\/\/www.koominenooppera.fi\/index.php?rest_route=\/wp\/v2\/pages\/61\/revisions\/188"}],"up":[{"embeddable":true,"href":"https:\/\/www.koominenooppera.fi\/index.php?rest_route=\/wp\/v2\/pages\/28"}],"wp:attachment":[{"href":"https:\/\/www.koominenooppera.fi\/index.php?rest_route=%2Fwp%2Fv2%2Fmedia&parent=61"}],"curies":[{"name":"wp","href":"https:\/\/api.w.org\/{rel}","templated":true}]}}