{"id":30,"date":"2022-06-02T10:04:37","date_gmt":"2022-06-02T10:04:37","guid":{"rendered":"https:\/\/koominenooppera.fi.wp1.kotisivut.com\/?page_id=30"},"modified":"2022-08-08T14:38:25","modified_gmt":"2022-08-08T14:38:25","slug":"tarina","status":"publish","type":"page","link":"https:\/\/www.koominenooppera.fi\/?page_id=30","title":{"rendered":"Tarina"},"content":{"rendered":"\n<p><strong>Helsingin Koominen Ooppera tarina<\/strong><br><br>Helsingin Koominen Oopperan on Suomen uusin oopperatalo, joka perustettiin 6.7.2016. Ensimm\u00e4isest\u00e4 toimintavuodesta ensimm\u00e4iset viisi kuukautta k\u00e4ytettiin toiminnan k\u00e4ynnist\u00e4miseen ja loput seitsem\u00e4n kuukautta on k\u00e4ytetty esitys- ja kulttuuritoiminnan tuottamiseen, perustoiminnan tekemiseen ja yrityksen toimintamallien vakiinnuttamiseen.<br><br>Toiminnan k\u00e4ynnist\u00e4minen perustui laajaan suomalaisen ooppera-alan tutkimukseen ja selvitykseen, jonka johtop\u00e4\u00e4t\u00f6s oli, ett\u00e4 Suomessa on paikka pienemm\u00e4lle ja ketter\u00e4lle ooppera- ja operettitalolle. Laura \u00c5kerlund laati ty\u00f6ryhm\u00e4ns\u00e4 kanssa viisivuotisen liiketoimintasuunnitelman, joka sis\u00e4lsi taloussuunnitelman, markkinointisuunnitelman, ohjelmistosuunnitelman, henkil\u00f6st\u00f6- ja resurssisuunnitelman, jonka mukaisesti toiminta k\u00e4ynnistettiin. Rahoitussuunnitelma perustui yritysjohdon k\u00e4ynnistysrahoitukseen, tuleviin lipputuloihin, mahdollisiin tukirahoituksiin, sek\u00e4 kansainv\u00e4lisiin co-production tuotantoihin, joissa kulurakenne on erilainen verrattuna t\u00e4ysin omaan tuotantoon. Mediahuomio heti toiminnan k\u00e4ynnist\u00e4misen j\u00e4lkeen oli huomattavan isoa verrattuna maltillisiin odotuksiin kuten <a href=\"https:\/\/yle.fi\/uutiset\/3-9079937\" target=\"_blank\" rel=\"noreferrer noopener\">YLE uutiset<\/a>, <a href=\"https:\/\/www.kirkkojakaupunki.fi\/-\/koomisen-oopperan-kintereilla\" target=\"_blank\" rel=\"noreferrer noopener\">Kirkko ja kaupunki<\/a>, <a href=\"https:\/\/www.hs.fi\/kulttuuri\/art-2000002920988.html\" target=\"_blank\" rel=\"noreferrer noopener\">Helsingin Sanomat<\/a>, <a href=\"https:\/\/rondo.fi\/tuoreimmat\/uutiset\/helsinkiin-uusi-oopperatalo\/\" target=\"_blank\" rel=\"noreferrer noopener\">Rondo-lehti<\/a>. Markkinointisuunnitelman onnistumisesta kertoo <a href=\"https:\/\/www.koominenooppera.fi\/\" target=\"_blank\" rel=\"noreferrer noopener\">www.koominenooppera.fi<\/a> avausp\u00e4iv\u00e4n\u00e4 k\u00e4vij\u00f6it\u00e4 120 000, joka ylitti kaikki odotukset. Helsingin Koominen Ooppera kutsuttiin <a href=\"https:\/\/opera-europa.org\/\" target=\"_blank\" rel=\"noreferrer noopener\">Opera Europa j\u00e4seneksi <\/a>syksyll\u00e4 2016. Koominen Ooppera sai suuren huomion toiminnallaan, jota br\u00e4ndi\u00e4 se kantaa edelleen Euroopassa.<br><br>Ensimm\u00e4isen toimintavuoden aikana Koominen Ooppera on j\u00e4rjest\u00e4nyt yhteens\u00e4 13 esityst\u00e4, joiden t\u00e4ytt\u00f6aste on ollut 70%. Lis\u00e4ksi kahdeksan (8) yhteis\u00f6tapahtumaa, joissa kuulijoita ja n\u00e4kij\u00f6it\u00e4 on ollut n. 420.000. Ooppera on toiminut merkitt\u00e4v\u00e4n\u00e4 kulttuurialan ty\u00f6llist\u00e4j\u00e4n\u00e4 ja tarjonnut vuoden aikana t\u00f6it\u00e4 202 alan ammattilaiselle, sek\u00e4 oman organisaation seitsem\u00e4lle henkil\u00f6lle. Lis\u00e4ksi Helsingin uusin oopperatalo on toteuttanut 23 laajaa markkinointikampanjaa ja niitt\u00e4nyt median\u00e4kyvyytt\u00e4 kattavasti yli miljoonalle henkil\u00f6lle niin valtamediassa, aikakauslehdiss\u00e4, televisiossa, radiossa, nettisivuilla kuin blogeissa.<br><br>\u201dEnsimm\u00e4inen toimintavuosi on kerta kaikkiaan ylitt\u00e4nyt kaikki odotukseni. Hurja ty\u00f6m\u00e4\u00e4r\u00e4 takana, ja suuri kiitos kaikille, jotka olette tehneet t\u00e4m\u00e4n mahdolliseksi\u201d, kommentoi Helsingin Koomisen Oopperan johtaja Laura \u00c5kerlund, joka on toiminut ooppera-alalla p\u00e4\u00e4dramaturgina, johtoryhm\u00e4n j\u00e4senen\u00e4, ohjaajana, apulaisohjaajana ja stage managerina Suomessa, Ruotsissa, Saksassa, Ranskassa, Englannissa, Ven\u00e4j\u00e4ll\u00e4 ja Puolassa.<br><br>Helsingin Koomisen Oopperan toiminnan keski\u00f6ss\u00e4 ovat kansainv\u00e4liset co-productionit (yhteistuotannot), Suomessa harvemmin esitettyjen teosten tuominen yleis\u00f6n n\u00e4ht\u00e4v\u00e4ksi ja kuultavaksi, sek\u00e4 uudenlaiset tavat l\u00e4hesty\u00e4 oopperakokemusta, kuten Punahilkka -oopperassa toteutettu Livetwiittaus vuonna 2017. Helsingin Koominen Ooppera tuotti my\u00f6s Suomessa ensimm\u00e4isen immersiivisen oopperatuotannon <em><a href=\"https:\/\/www.koominenooppera.fi\/?page_id=58\" target=\"_blank\" rel=\"noreferrer noopener\">Vixen<\/a><\/em> Helsingin Juhlaviikoille Konepajan Brunossa, co-production lontoolaisen Silent Operan kanssa vuonna 2017.<br><br>Ty\u00f6ryhm\u00e4 suunnitelmaa k\u00e4ynnist\u00e4ess\u00e4\u00e4n tiesi, ett\u00e4 Helsingin Koomisen Oopperan k\u00e4ynnist\u00e4minen pirist\u00e4\u00e4 ja haastaa suomalaista oopperatoimintaa. Nyt kuuden vuoden j\u00e4lkeen monet Helsingin Koomisen Oopperan k\u00e4ytt\u00f6\u00f6nottamista uusista toimintatavoista ovat pesiytyneet suomalaiselle ooppera-alalle. Koomisen Oopperan kannalta k\u00e4\u00e4nteentekev\u00e4 oli kev\u00e4t 2019, jolloin Laura \u00c5kerlund kutsuttiin johtoryhm\u00e4n j\u00e4seneksi ja p\u00e4\u00e4dramaturgiksi saksalaiseen <a href=\"https:\/\/www.staatstheater.karlsruhe.de\/ensemble\/id\/3757\/\" target=\"_blank\" rel=\"noreferrer noopener\">Badisches Staatstheater Karlsruheen<\/a> vuodeksi johtajakoulutukseen. Paluun hetki Suomeen kev\u00e4\u00e4ll\u00e4 2020 oli my\u00f6s haastava: koronarajoitukset sulkivat toimintaa m\u00e4\u00e4rittelem\u00e4tt\u00f6m\u00e4n pitk\u00e4ksi ajaksi.<br><br>Nyt meneill\u00e4\u00e4n oleva kuudes toimintavuosi tuo uusia digitaalisia tuotantomuotoja, joihin Laura \u00c5kerlund on perehtynyt toimiessaan <a href=\"https:\/\/theater.digital\/en\/\" target=\"_blank\" rel=\"noreferrer noopener\">Theater Dortmundin Akademie f\u00fcr Theater und Digitalit\u00e4t <\/a>digitaalisten teatteri- ja ooppera-alan hankkeiden johtoryhm\u00e4ss\u00e4 kev\u00e4\u00e4st\u00e4 2020.<\/p>\n","protected":false},"excerpt":{"rendered":"<p>Helsingin Koominen Ooppera tarina Helsingin Koominen Oopperan on Suomen uusin oopperatalo, joka perustettiin 6.7.2016. Ensimm\u00e4isest\u00e4 toimintavuodesta ensimm\u00e4iset viisi kuukautta k\u00e4ytettiin toiminnan k\u00e4ynnist\u00e4miseen ja loput seitsem\u00e4n kuukautta on k\u00e4ytetty esitys- ja kulttuuritoiminnan tuottamiseen,<a class=\"moretag\" href=\"https:\/\/www.koominenooppera.fi\/?page_id=30\">Read More&#8230;<\/a><\/p>\n","protected":false},"author":1,"featured_media":0,"parent":0,"menu_order":0,"comment_status":"closed","ping_status":"closed","template":"","meta":{"footnotes":""},"class_list":["post-30","page","type-page","status-publish","hentry"],"_links":{"self":[{"href":"https:\/\/www.koominenooppera.fi\/index.php?rest_route=\/wp\/v2\/pages\/30","targetHints":{"allow":["GET"]}}],"collection":[{"href":"https:\/\/www.koominenooppera.fi\/index.php?rest_route=\/wp\/v2\/pages"}],"about":[{"href":"https:\/\/www.koominenooppera.fi\/index.php?rest_route=\/wp\/v2\/types\/page"}],"author":[{"embeddable":true,"href":"https:\/\/www.koominenooppera.fi\/index.php?rest_route=\/wp\/v2\/users\/1"}],"replies":[{"embeddable":true,"href":"https:\/\/www.koominenooppera.fi\/index.php?rest_route=%2Fwp%2Fv2%2Fcomments&post=30"}],"version-history":[{"count":6,"href":"https:\/\/www.koominenooppera.fi\/index.php?rest_route=\/wp\/v2\/pages\/30\/revisions"}],"predecessor-version":[{"id":196,"href":"https:\/\/www.koominenooppera.fi\/index.php?rest_route=\/wp\/v2\/pages\/30\/revisions\/196"}],"wp:attachment":[{"href":"https:\/\/www.koominenooppera.fi\/index.php?rest_route=%2Fwp%2Fv2%2Fmedia&parent=30"}],"curies":[{"name":"wp","href":"https:\/\/api.w.org\/{rel}","templated":true}]}}